{"id":30,"date":"2018-03-03T20:30:05","date_gmt":"2018-03-03T19:30:05","guid":{"rendered":"http:\/\/xn--chevrier-psychologue-musicothrapeute-3gd.fr\/?page_id=30"},"modified":"2021-01-10T20:35:02","modified_gmt":"2021-01-10T19:35:02","slug":"tarifs-et-remboursement","status":"publish","type":"page","link":"https:\/\/xn--chevrier-psychologue-musicothrapeute-3gd.fr\/?page_id=30","title":{"rendered":"Tarifs et remboursement"},"content":{"rendered":"<p>Au cabinet de consultations :<\/p>\n<ul>\n<li>Entretiens individuels : 50 euros.<\/li>\n<li>Th\u00e9rapie de couple : 55 euros.<\/li>\n<li>Psychoth\u00e9rapie familiale : 60 euros.<\/li>\n<\/ul>\n<p>&nbsp;<\/p>\n<p>En dehors du cabinet :<\/p>\n<ul>\n<li>Consultations de psychologie ou de musicoth\u00e9rapie \u00e0 domicile : selon certaines conditions ; me consulter.<\/li>\n<li>Consultations individuelles par ligne t\u00e9l\u00e9phonique ou visioconf\u00e9rence : selon certaines conditions ; me consulter.<\/li>\n<li>Prestations et s\u00e9ances de groupe pour les institutions : devis \u00e0 la demande.<\/li>\n<\/ul>\n<p>&nbsp;<\/p>\n<p>&nbsp;<\/p>\n<p>Les consultations ne sont pas soumises \u00e0 ordonnance et ne sont pas rembours\u00e9es par la S\u00e9curit\u00e9 Sociale, mais certaines mutuelles prennent en charge tout ou partie du remboursement des honoraires. Renseignez-vous aupr\u00e8s de votre organisme.<\/p>\n<p>&nbsp;<\/p>\n<p>Les factures sont r\u00e9alis\u00e9es \u00e0 la demande.<\/p>\n","protected":false},"excerpt":{"rendered":"<p>Au cabinet de consultations : Entretiens individuels : 50 euros. Th\u00e9rapie de couple : 55 euros. Psychoth\u00e9rapie familiale : 60 euros. &nbsp; En dehors du cabinet : Consultations de psychologie ou de musicoth\u00e9rapie \u00e0 domicile : selon certaines conditions ; me consulter. Consultations individuelles par ligne t\u00e9l\u00e9phonique ou visioconf\u00e9rence : selon certaines conditions ; me &hellip; <\/p>\n<p class=\"link-more\"><a href=\"https:\/\/xn--chevrier-psychologue-musicothrapeute-3gd.fr\/?page_id=30\" class=\"more-link\">Continue reading<span class=\"screen-reader-text\"> &#8220;Tarifs et remboursement&#8221;<\/span><\/a><\/p>\n","protected":false},"author":1,"featured_media":0,"parent":0,"menu_order":0,"comment_status":"closed","ping_status":"closed","template":"","meta":[],"_links":{"self":[{"href":"https:\/\/xn--chevrier-psychologue-musicothrapeute-3gd.fr\/index.php?rest_route=\/wp\/v2\/pages\/30"}],"collection":[{"href":"https:\/\/xn--chevrier-psychologue-musicothrapeute-3gd.fr\/index.php?rest_route=\/wp\/v2\/pages"}],"about":[{"href":"https:\/\/xn--chevrier-psychologue-musicothrapeute-3gd.fr\/index.php?rest_route=\/wp\/v2\/types\/page"}],"author":[{"embeddable":true,"href":"https:\/\/xn--chevrier-psychologue-musicothrapeute-3gd.fr\/index.php?rest_route=\/wp\/v2\/users\/1"}],"replies":[{"embeddable":true,"href":"https:\/\/xn--chevrier-psychologue-musicothrapeute-3gd.fr\/index.php?rest_route=%2Fwp%2Fv2%2Fcomments&post=30"}],"version-history":[{"count":5,"href":"https:\/\/xn--chevrier-psychologue-musicothrapeute-3gd.fr\/index.php?rest_route=\/wp\/v2\/pages\/30\/revisions"}],"predecessor-version":[{"id":136,"href":"https:\/\/xn--chevrier-psychologue-musicothrapeute-3gd.fr\/index.php?rest_route=\/wp\/v2\/pages\/30\/revisions\/136"}],"wp:attachment":[{"href":"https:\/\/xn--chevrier-psychologue-musicothrapeute-3gd.fr\/index.php?rest_route=%2Fwp%2Fv2%2Fmedia&parent=30"}],"curies":[{"name":"wp","href":"https:\/\/api.w.org\/{rel}","templated":true}]}}