{"id":31,"date":"2018-03-03T20:30:05","date_gmt":"2018-03-03T19:30:05","guid":{"rendered":"http:\/\/xn--chevrier-psychologue-musicothrapeute-3gd.fr\/?page_id=31"},"modified":"2022-02-11T19:28:48","modified_gmt":"2022-02-11T18:28:48","slug":"parcours","status":"publish","type":"page","link":"https:\/\/xn--chevrier-psychologue-musicothrapeute-3gd.fr\/?page_id=31","title":{"rendered":"Parcours"},"content":{"rendered":"<p class=\"Standard\"><span lang=\"DE\" style=\"font-family: 'Open Sans',sans-serif;\">A travers ma pratique professionnelle, j&#8217;ai eu l&#8217;occasion de travailler en I.M.E., en Foyer Occupationnel, en E.H.P.A.D., dans les \u00e9coles, dans les structures de la petite-enfance, en psychiatrie , \u00e0 l&#8217;h\u00f4pital et aupr\u00e8s des personnes migrantes.<\/span><\/p>\n<p class=\"Standard\"><span lang=\"DE\" style=\"font-family: 'Open Sans',sans-serif;\">\u00a0<\/span><\/p>\n<p class=\"Standard\"><i><u><span lang=\"DE\" style=\"font-family: 'Open Sans',sans-serif;\">Formation de musicoth\u00e9rapeute<\/span><\/u><\/i><span lang=\"DE\" style=\"font-family: 'Open Sans',sans-serif;\"> :<\/span><\/p>\n<p class=\"Standard\"><span lang=\"DE\" style=\"font-family: 'Open Sans',sans-serif;\">\u00a0<\/span><\/p>\n<p class=\"Standard\"><span lang=\"DE\" style=\"font-family: 'Open Sans',sans-serif;\">Membre affili\u00e9 \u00e0 la f\u00e9d\u00e9ration fran\u00e7aise de musicoth\u00e9rapie, j&#8217;ai d&#8217;abord suivi une formation dipl\u00f4mante \u00e0 l&#8217;universit\u00e9 Paul Val\u00e9ry de Montpellier (D.U. de musicoth\u00e9rapie inscrit au R\u00e9pertoire National des Certifications Professionnelles.)<\/span><\/p>\n<p class=\"Standard\"><span lang=\"DE\" style=\"font-family: 'Open Sans',sans-serif;\">\u00a0<\/span><\/p>\n<p class=\"Standard\" style=\"text-align: right;\" align=\"right\"><a href=\"http:\/\/www.musicotherapie-federationfrancaise.com\/trouver-un-musicotherapeute\/liste-des-musicotherapeutes\/?departement=49\"><i><span lang=\"DE\" style=\"font-family: 'Open Sans',sans-serif;\">http:\/\/www.musicotherapie-federationfrancaise.com<\/span><\/i><\/a><\/p>\n<p class=\"Standard\" style=\"text-align: right;\" align=\"right\"><span lang=\"DE\" style=\"font-family: 'Open Sans',sans-serif;\">\u00a0<\/span><\/p>\n<p class=\"Standard\"><span lang=\"DE\" style=\"font-family: 'Open Sans',sans-serif;\">En tant que musicoth\u00e9rapeute, je suis en accord avec le code de d\u00e9ontologie des musicoth\u00e9rapeutes de France \u00e9tablit en 2017.<\/span><\/p>\n<p class=\"Standard\"><span lang=\"DE\" style=\"font-family: 'Open Sans',sans-serif;\">\u00a0<\/span><\/p>\n<p class=\"Standard\" style=\"text-align: right;\" align=\"right\"><a href=\"http:\/\/xn--chevrier-psychologue-musicothrapeute-3gd.fr\/wp-content\/uploads\/2021\/01\/R\u00e9f\u00e9rentiel_M\u00e9tier_Musicoth\u00e9rapeute.pdf\"><span lang=\"DE\">R\u00e9f\u00e9rentiel m\u00e9tier et code de d\u00e9ontologie des musicoth\u00e9rapeutes<\/span><\/a><\/p>\n<p class=\"Standard\"><span lang=\"DE\" style=\"font-family: 'Open Sans',sans-serif;\">\u00a0<\/span><\/p>\n<p class=\"Standard\"><i><u><span lang=\"DE\" style=\"font-family: 'Open Sans',sans-serif;\">Formation de psychologue<\/span><\/u><\/i><span lang=\"DE\" style=\"font-family: 'Open Sans',sans-serif;\"> :<\/span><\/p>\n<p class=\"Standard\"><span lang=\"DE\" style=\"font-family: 'Open Sans',sans-serif;\">\u00a0<\/span><\/p>\n<p class=\"Standard\"><span lang=\"DE\" style=\"font-family: 'Open Sans',sans-serif;\">J&#8217;ai termin\u00e9 mon cursus de psychologie clinique par un Master 2 \u00e0 l&#8217;universit\u00e9 Sophia Antipolis de Nice en ayant suivi une sp\u00e9cialisation d&#8217;excellence autour des m\u00e9diations th\u00e9rapeutiques par l&#8217;Art. Ainsi, je suis inscrit sur la liste d\u00e9partementale de la profession Psychologue.<\/span><\/p>\n<p class=\"Standard\"><span lang=\"DE\" style=\"font-family: 'Open Sans',sans-serif;\">\u00a0<\/span><\/p>\n<p class=\"Standard\" style=\"text-align: right;\" align=\"right\"><a href=\"https:\/\/www.pays-de-la-loire.ars.sante.fr\/\"><i><span lang=\"DE\" style=\"font-family: 'Open Sans',sans-serif;\">https:\/\/www.pays-de-la-loire.ars.sante.fr\/<\/span><\/i><\/a><\/p>\n<p class=\"Standard\"><span lang=\"DE\" style=\"font-family: 'Open Sans',sans-serif;\">\u00a0<\/span><\/p>\n<p class=\"Standard\"><span lang=\"DE\" style=\"font-family: 'Open Sans',sans-serif;\">En tant que psychologue, je m&#8217;engage \u00e0 respecter le code de d\u00e9ontologie des psychologues sign\u00e9 le 22 mars 1996 (r\u00e9actualis\u00e9 en f\u00e9vrier 2012) et consolid\u00e9 le 09 septembre 2021.<\/span><\/p>\n<p class=\"Standard\"><span lang=\"DE\" style=\"font-family: 'Open Sans',sans-serif;\">\u00a0<\/span><\/p>\n<p class=\"Standard\" style=\"text-align: right;\" align=\"right\"><a href=\"http:\/\/www.codededeontologiedespsychologues.fr\/LE-CODE.html\"><i><span lang=\"DE\" style=\"font-family: 'Open Sans',sans-serif;\">Code de d\u00e9ontologie des psychologues<\/span><\/i><\/a><\/p>\n<p align=\"right\"><img loading=\"lazy\" class=\"aligncenter wp-image-104 size-large\" src=\"http:\/\/xn--chevrier-psychologue-musicothrapeute-3gd.fr\/wp-content\/uploads\/2018\/03\/parcours-1024x682.jpg\" alt=\"\" width=\"525\" height=\"350\" srcset=\"https:\/\/xn--chevrier-psychologue-musicothrapeute-3gd.fr\/wp-content\/uploads\/2018\/03\/parcours-1024x682.jpg 1024w, https:\/\/xn--chevrier-psychologue-musicothrapeute-3gd.fr\/wp-content\/uploads\/2018\/03\/parcours-300x200.jpg 300w, https:\/\/xn--chevrier-psychologue-musicothrapeute-3gd.fr\/wp-content\/uploads\/2018\/03\/parcours-768x511.jpg 768w, https:\/\/xn--chevrier-psychologue-musicothrapeute-3gd.fr\/wp-content\/uploads\/2018\/03\/parcours.jpg 1920w\" sizes=\"(max-width: 525px) 100vw, 525px\" \/><\/p>\n","protected":false},"excerpt":{"rendered":"<p>A travers ma pratique professionnelle, j&#8217;ai eu l&#8217;occasion de travailler en I.M.E., en Foyer Occupationnel, en E.H.P.A.D., dans les \u00e9coles, dans les structures de la petite-enfance, en psychiatrie , \u00e0 l&#8217;h\u00f4pital et aupr\u00e8s des personnes migrantes. \u00a0 Formation de musicoth\u00e9rapeute : \u00a0 Membre affili\u00e9 \u00e0 la f\u00e9d\u00e9ration fran\u00e7aise de musicoth\u00e9rapie, j&#8217;ai d&#8217;abord suivi une formation &hellip; <\/p>\n<p class=\"link-more\"><a href=\"https:\/\/xn--chevrier-psychologue-musicothrapeute-3gd.fr\/?page_id=31\" class=\"more-link\">Continue reading<span class=\"screen-reader-text\"> &#8220;Parcours&#8221;<\/span><\/a><\/p>\n","protected":false},"author":1,"featured_media":0,"parent":0,"menu_order":0,"comment_status":"closed","ping_status":"closed","template":"","meta":[],"_links":{"self":[{"href":"https:\/\/xn--chevrier-psychologue-musicothrapeute-3gd.fr\/index.php?rest_route=\/wp\/v2\/pages\/31"}],"collection":[{"href":"https:\/\/xn--chevrier-psychologue-musicothrapeute-3gd.fr\/index.php?rest_route=\/wp\/v2\/pages"}],"about":[{"href":"https:\/\/xn--chevrier-psychologue-musicothrapeute-3gd.fr\/index.php?rest_route=\/wp\/v2\/types\/page"}],"author":[{"embeddable":true,"href":"https:\/\/xn--chevrier-psychologue-musicothrapeute-3gd.fr\/index.php?rest_route=\/wp\/v2\/users\/1"}],"replies":[{"embeddable":true,"href":"https:\/\/xn--chevrier-psychologue-musicothrapeute-3gd.fr\/index.php?rest_route=%2Fwp%2Fv2%2Fcomments&post=31"}],"version-history":[{"count":18,"href":"https:\/\/xn--chevrier-psychologue-musicothrapeute-3gd.fr\/index.php?rest_route=\/wp\/v2\/pages\/31\/revisions"}],"predecessor-version":[{"id":139,"href":"https:\/\/xn--chevrier-psychologue-musicothrapeute-3gd.fr\/index.php?rest_route=\/wp\/v2\/pages\/31\/revisions\/139"}],"wp:attachment":[{"href":"https:\/\/xn--chevrier-psychologue-musicothrapeute-3gd.fr\/index.php?rest_route=%2Fwp%2Fv2%2Fmedia&parent=31"}],"curies":[{"name":"wp","href":"https:\/\/api.w.org\/{rel}","templated":true}]}}