{"id":37,"date":"2018-03-03T20:34:46","date_gmt":"2018-03-03T19:34:46","guid":{"rendered":"http:\/\/xn--chevrier-psychologue-musicothrapeute-3gd.fr\/?page_id=37"},"modified":"2018-06-20T13:53:38","modified_gmt":"2018-06-20T11:53:38","slug":"musique-art-et-therapie","status":"publish","type":"page","link":"https:\/\/xn--chevrier-psychologue-musicothrapeute-3gd.fr\/?page_id=37","title":{"rendered":"Musique, Art et th\u00e9rapie"},"content":{"rendered":"<p>Je vous propose de vous accompagner au travers d&#8217;une psychoth\u00e9rapie, m\u00e9thode fond\u00e9e sur l&#8217;utilisation de la parole et de l&#8217;association libre.<\/p>\n<p>&nbsp;<\/p>\n<p>Lorsque les mots ne viennent pas ou que la parole est difficile, l&#8217;int\u00e9r\u00eat de l&#8217;outil artistique employ\u00e9 en direction d&#8217;une th\u00e9rapie permet de faciliter la prise de conscience de ses propres difficult\u00e9s. L&#8217;Art-th\u00e9rapie, ou la musicoth\u00e9rapie par essence, permet de se lib\u00e9rer plus facilement de ses blocages et de ses \u00e9motions douloureuses. Cette m\u00e9thode de m\u00e9diation, largement reconnue aujourd&#8217;hui par le discours neuroscientifique et celui des sciences-humaines, est particuli\u00e8rement adapt\u00e9e pour certaines pathologies dites &#8220;lourdes&#8221; (autisme, schizophr\u00e9nie, d\u00e9mence, parano\u00efa&#8230;) mais pas seulement :<\/p>\n<p>&nbsp;<\/p>\n<p>Selon vos besoins, vos attentes, et de la pertinence d&#8217;un travail de soin dont je me porte le garant, il est tout \u00e0 fait possible d&#8217;envisager le support d&#8217;un accompagnement autour du jeu, de la musique, de la peinture ou du dessin, de l&#8217;\u00e9criture, du th\u00e9\u00e2tre ou de l&#8217;expression corporelle.<\/p>\n<p>&nbsp;<\/p>\n<p>La musicoth\u00e9rapie et, par extension, l&#8217;Art-th\u00e9rapie en g\u00e9n\u00e9ral , est une d\u00e9marche qui s&#8217;inscrit uniquement dans le cadre d&#8217;une prise en charge psychoth\u00e9rapeutique ou d&#8217;un compl\u00e9ment de soutien.<\/p>\n<p>&nbsp;<\/p>\n<p>Form\u00e9 au Training Autog\u00e8ne de Schultz et \u00e0 la relaxation sous induction musicale, je peux aussi vous guider vers un \u00e9tat de bien-\u00eatre, tout au long d&#8217;une s\u00e9ance, pour un temps de d\u00e9tente et de break.<\/p>\n<p>&nbsp;<\/p>\n<p><img loading=\"lazy\" class=\"aligncenter wp-image-65 size-full\" src=\"http:\/\/xn--chevrier-psychologue-musicothrapeute-3gd.fr\/wp-content\/uploads\/2018\/03\/Piano.jpg\" alt=\"\" width=\"1920\" height=\"1280\" srcset=\"https:\/\/xn--chevrier-psychologue-musicothrapeute-3gd.fr\/wp-content\/uploads\/2018\/03\/Piano.jpg 1920w, https:\/\/xn--chevrier-psychologue-musicothrapeute-3gd.fr\/wp-content\/uploads\/2018\/03\/Piano-300x200.jpg 300w, https:\/\/xn--chevrier-psychologue-musicothrapeute-3gd.fr\/wp-content\/uploads\/2018\/03\/Piano-768x512.jpg 768w, https:\/\/xn--chevrier-psychologue-musicothrapeute-3gd.fr\/wp-content\/uploads\/2018\/03\/Piano-1024x683.jpg 1024w\" sizes=\"(max-width: 706px) 89vw, (max-width: 767px) 82vw, 740px\" \/><\/p>\n","protected":false},"excerpt":{"rendered":"<p>Je vous propose de vous accompagner au travers d&#8217;une psychoth\u00e9rapie, m\u00e9thode fond\u00e9e sur l&#8217;utilisation de la parole et de l&#8217;association libre. &nbsp; Lorsque les mots ne viennent pas ou que la parole est difficile, l&#8217;int\u00e9r\u00eat de l&#8217;outil artistique employ\u00e9 en direction d&#8217;une th\u00e9rapie permet de faciliter la prise de conscience de ses propres difficult\u00e9s. L&#8217;Art-th\u00e9rapie, &hellip; <\/p>\n<p class=\"link-more\"><a href=\"https:\/\/xn--chevrier-psychologue-musicothrapeute-3gd.fr\/?page_id=37\" class=\"more-link\">Continue reading<span class=\"screen-reader-text\"> &#8220;Musique, Art et th\u00e9rapie&#8221;<\/span><\/a><\/p>\n","protected":false},"author":1,"featured_media":0,"parent":0,"menu_order":0,"comment_status":"closed","ping_status":"closed","template":"","meta":[],"_links":{"self":[{"href":"https:\/\/xn--chevrier-psychologue-musicothrapeute-3gd.fr\/index.php?rest_route=\/wp\/v2\/pages\/37"}],"collection":[{"href":"https:\/\/xn--chevrier-psychologue-musicothrapeute-3gd.fr\/index.php?rest_route=\/wp\/v2\/pages"}],"about":[{"href":"https:\/\/xn--chevrier-psychologue-musicothrapeute-3gd.fr\/index.php?rest_route=\/wp\/v2\/types\/page"}],"author":[{"embeddable":true,"href":"https:\/\/xn--chevrier-psychologue-musicothrapeute-3gd.fr\/index.php?rest_route=\/wp\/v2\/users\/1"}],"replies":[{"embeddable":true,"href":"https:\/\/xn--chevrier-psychologue-musicothrapeute-3gd.fr\/index.php?rest_route=%2Fwp%2Fv2%2Fcomments&post=37"}],"version-history":[{"count":4,"href":"https:\/\/xn--chevrier-psychologue-musicothrapeute-3gd.fr\/index.php?rest_route=\/wp\/v2\/pages\/37\/revisions"}],"predecessor-version":[{"id":115,"href":"https:\/\/xn--chevrier-psychologue-musicothrapeute-3gd.fr\/index.php?rest_route=\/wp\/v2\/pages\/37\/revisions\/115"}],"wp:attachment":[{"href":"https:\/\/xn--chevrier-psychologue-musicothrapeute-3gd.fr\/index.php?rest_route=%2Fwp%2Fv2%2Fmedia&parent=37"}],"curies":[{"name":"wp","href":"https:\/\/api.w.org\/{rel}","templated":true}]}}