{"id":9,"date":"2018-03-03T20:16:52","date_gmt":"2018-03-03T19:16:52","guid":{"rendered":"http:\/\/xn--chevrier-psychologue-musicothrapeute-3gd.fr\/?page_id=9"},"modified":"2018-03-03T23:07:42","modified_gmt":"2018-03-03T22:07:42","slug":"contact","status":"publish","type":"page","link":"https:\/\/xn--chevrier-psychologue-musicothrapeute-3gd.fr\/?page_id=9","title":{"rendered":"Contact"},"content":{"rendered":"<p class=\"Standard\"><span lang=\"DE\" style=\"font-family: 'Open Sans', sans-serif; color: white;\">P\u00f4le Sant\u00e9<\/span><\/p>\n<p class=\"Standard\"><span lang=\"DE\" style=\"font-family: 'Open Sans', sans-serif; color: #ffffff;\">16, avenue du Plessis<\/span><\/p>\n<p class=\"Standard\"><span lang=\"DE\" style=\"font-family: 'Open Sans', sans-serif; color: #ffffff;\">Chaudron-en-Mauges<\/span><\/p>\n<p class=\"Standard\"><span lang=\"DE\" style=\"font-family: 'Open Sans', sans-serif; color: #ffffff;\">49 110 MONTREVAULT-sur-EVRE<\/span><\/p>\n<p><img loading=\"lazy\" class=\"alignnone size-medium wp-image-67\" src=\"http:\/\/xn--chevrier-psychologue-musicothrapeute-3gd.fr\/wp-content\/uploads\/2018\/03\/Village-sant\u00e9-300x250.jpg\" alt=\"\" width=\"200\" height=\"175\" \/><\/p>\n<p><span style=\"color: #ffffff;\">Horaires d&#8217;ouverture :<\/span><\/p>\n<ul>\n<li style=\"text-align: left;\"><span style=\"color: #ffffff;\">le mercredi de 12h \u00e0 20h<\/span><\/li>\n<li style=\"text-align: left;\"><span style=\"color: #ffffff;\">le samedi de 8h \u00e0 12h.<\/span><\/li>\n<\/ul>\n<p>&nbsp;<\/p>\n<p><span style=\"color: #ffffff;\">Uniquement sur rendez-vous.<\/span><\/p>\n<p>&nbsp;<\/p>\n<p><span style=\"color: #ffffff;\">Le cabinet se situe au 1er \u00e9tage du P\u00f4le Sant\u00e9. La salle d&#8217;attente se trouve au fond du couloir \u00e0 droite (salle d&#8217;attente N\u00b04).<\/span><\/p>\n<p>&nbsp;<\/p>\n<p><span style=\"color: #ffffff;\"href=\"tel:0689138100\">06 89 13 81 00<\/span><\/p>\n<p><span style=\"color: #ffffff;\"><a style=\"color: #ffffff;\" href=\"mailto:chevrier_jean-marie@orange.fr\">Me contacter par mail<\/a> ou alors par <a href=\"https:\/\/www.facebook.com\/Chevrier.psychologue.musicotherapeute\/\">Facebook<\/a><\/span><\/p>\n<p><img loading=\"lazy\" class=\"wp-image-63 size-large aligncenter\" src=\"http:\/\/xn--chevrier-psychologue-musicothrapeute-3gd.fr\/wp-content\/uploads\/2018\/03\/Contact-1024x683.jpg\" alt=\"\" width=\"525\" height=\"350\" srcset=\"https:\/\/xn--chevrier-psychologue-musicothrapeute-3gd.fr\/wp-content\/uploads\/2018\/03\/Contact-1024x683.jpg 1024w, https:\/\/xn--chevrier-psychologue-musicothrapeute-3gd.fr\/wp-content\/uploads\/2018\/03\/Contact-300x200.jpg 300w, https:\/\/xn--chevrier-psychologue-musicothrapeute-3gd.fr\/wp-content\/uploads\/2018\/03\/Contact-768x512.jpg 768w, https:\/\/xn--chevrier-psychologue-musicothrapeute-3gd.fr\/wp-content\/uploads\/2018\/03\/Contact.jpg 1920w\" sizes=\"(max-width: 525px) 100vw, 525px\" \/><\/p>\n","protected":false},"excerpt":{"rendered":"<p>P\u00f4le Sant\u00e9 16, avenue du Plessis Chaudron-en-Mauges 49 110 MONTREVAULT-sur-EVRE Horaires d&#8217;ouverture : le mercredi de 12h \u00e0 20h le samedi de 8h \u00e0 12h. &nbsp; Uniquement sur rendez-vous. &nbsp; Le cabinet se situe au 1er \u00e9tage du P\u00f4le Sant\u00e9. La salle d&#8217;attente se trouve au fond du couloir \u00e0 droite (salle d&#8217;attente N\u00b04). &nbsp; &hellip; <\/p>\n<p class=\"link-more\"><a href=\"https:\/\/xn--chevrier-psychologue-musicothrapeute-3gd.fr\/?page_id=9\" class=\"more-link\">Continue reading<span class=\"screen-reader-text\"> &#8220;Contact&#8221;<\/span><\/a><\/p>\n","protected":false},"author":1,"featured_media":0,"parent":0,"menu_order":0,"comment_status":"closed","ping_status":"closed","template":"","meta":[],"_links":{"self":[{"href":"https:\/\/xn--chevrier-psychologue-musicothrapeute-3gd.fr\/index.php?rest_route=\/wp\/v2\/pages\/9"}],"collection":[{"href":"https:\/\/xn--chevrier-psychologue-musicothrapeute-3gd.fr\/index.php?rest_route=\/wp\/v2\/pages"}],"about":[{"href":"https:\/\/xn--chevrier-psychologue-musicothrapeute-3gd.fr\/index.php?rest_route=\/wp\/v2\/types\/page"}],"author":[{"embeddable":true,"href":"https:\/\/xn--chevrier-psychologue-musicothrapeute-3gd.fr\/index.php?rest_route=\/wp\/v2\/users\/1"}],"replies":[{"embeddable":true,"href":"https:\/\/xn--chevrier-psychologue-musicothrapeute-3gd.fr\/index.php?rest_route=%2Fwp%2Fv2%2Fcomments&post=9"}],"version-history":[{"count":16,"href":"https:\/\/xn--chevrier-psychologue-musicothrapeute-3gd.fr\/index.php?rest_route=\/wp\/v2\/pages\/9\/revisions"}],"predecessor-version":[{"id":109,"href":"https:\/\/xn--chevrier-psychologue-musicothrapeute-3gd.fr\/index.php?rest_route=\/wp\/v2\/pages\/9\/revisions\/109"}],"wp:attachment":[{"href":"https:\/\/xn--chevrier-psychologue-musicothrapeute-3gd.fr\/index.php?rest_route=%2Fwp%2Fv2%2Fmedia&parent=9"}],"curies":[{"name":"wp","href":"https:\/\/api.w.org\/{rel}","templated":true}]}}